{"id":26,"date":"2021-03-16T09:00:15","date_gmt":"2021-03-16T09:00:15","guid":{"rendered":"http:\/\/brfnorrgardet.se\/?page_id=26"},"modified":"2024-05-31T18:08:00","modified_gmt":"2024-05-31T16:08:00","slug":"om-styrelsen","status":"publish","type":"page","link":"https:\/\/brfnorrgardet.se\/?page_id=26","title":{"rendered":"Om styrelsen"},"content":{"rendered":"<p><span data-contrast=\"auto\">I styrelsen i Brf Norrg\u00e4rdet\u00a0<\/span><span data-contrast=\"auto\">finns ordf\u00f6rande Bo Halvardsson<\/span><span data-contrast=\"auto\">, vice ordf\u00f6rande Magnus Larsson, sekreterare Dennis Eriksson och suppleant Niclas Zetterqvist. <\/span><span data-contrast=\"auto\">Magnus Larsson <\/span><span data-contrast=\"auto\">har ocks\u00e5 ett uppdrag som fastighetssk\u00f6tare i f\u00f6reningen.\u00a0<\/span><span data-ccp-props=\"{}\">\u00a0<\/span><\/p>\n<p><span data-contrast=\"auto\">Styrelsen arbetar och verkar f\u00f6r att Brf Norrg\u00e4rdet\u00a0<\/span><span data-contrast=\"auto\">ska vara en v\u00e4lm\u00e5ende och\u00a0<\/span><span data-contrast=\"auto\">attraktiv f\u00f6rening.\u00a0 Vi str\u00e4var efter att f\u00f6reningen ska vara\u00a0<\/span><span data-contrast=\"auto\">omsk\u00f6tt och m\u00e5 bra p\u00e5 alla s\u00e4tt.\u00a0<\/span><span data-contrast=\"auto\">Att ha ett n\u00e4ra samarbete med medlemmarna ser vi som en\u00a0<\/span><span data-contrast=\"auto\">f\u00f6ruts\u00e4ttning<\/span><span data-contrast=\"auto\">\u00a0f\u00f6r att\u00a0<\/span><span data-contrast=\"auto\">v\u00e5rt arbete ska bli bra och ge resultat.\u00a0<\/span><span data-ccp-props=\"{}\">\u00a0<\/span><\/p>\n<p><span data-contrast=\"auto\">V\u00e4lkommen till Brf Norrg\u00e4rdet<\/span><span data-contrast=\"auto\">!<\/span><span data-ccp-props=\"{}\">\u00a0<\/span><\/p>\n<p><span data-contrast=\"auto\">\/Styrelsen<\/span><span data-ccp-props=\"{}\">\u00a0<\/span><\/p>\n<p><img loading=\"lazy\" decoding=\"async\" class=\"wp-image-131 aligncenter\" src=\"https:\/\/brfnorrgardet.se\/wp-content\/uploads\/2021\/02\/DSC_7700-scaled.jpg\" alt=\"\" width=\"491\" height=\"327\" srcset=\"https:\/\/brfnorrgardet.se\/wp-content\/uploads\/2021\/02\/DSC_7700-scaled.jpg 2560w, https:\/\/brfnorrgardet.se\/wp-content\/uploads\/2021\/02\/DSC_7700-300x200.jpg 300w, https:\/\/brfnorrgardet.se\/wp-content\/uploads\/2021\/02\/DSC_7700-1024x683.jpg 1024w, https:\/\/brfnorrgardet.se\/wp-content\/uploads\/2021\/02\/DSC_7700-768x512.jpg 768w, https:\/\/brfnorrgardet.se\/wp-content\/uploads\/2021\/02\/DSC_7700-1536x1024.jpg 1536w, https:\/\/brfnorrgardet.se\/wp-content\/uploads\/2021\/02\/DSC_7700-2048x1365.jpg 2048w\" sizes=\"auto, (max-width: 491px) 100vw, 491px\" \/><\/p>\n<p>&nbsp;<\/p>\n<p><span data-ccp-props=\"{}\">\u00a0<\/span><\/p>\n<p><span data-ccp-props=\"{}\">\u00a0<\/span><\/p>\n","protected":false},"excerpt":{"rendered":"<p>I styrelsen i Brf Norrg\u00e4rdet\u00a0finns ordf\u00f6rande Bo Halvardsson, vice ordf\u00f6rande Magnus Larsson, sekreterare Dennis Eriksson och suppleant Niclas Zetterqvist. Magnus Larsson har ocks\u00e5 ett uppdrag som fastighetssk\u00f6tare i f\u00f6reningen.\u00a0\u00a0 Styrelsen arbetar och verkar f\u00f6r att Brf Norrg\u00e4rdet\u00a0ska vara en v\u00e4lm\u00e5ende och\u00a0attraktiv f\u00f6rening.\u00a0 Vi str\u00e4var efter att f\u00f6reningen ska vara\u00a0omsk\u00f6tt och m\u00e5 bra p\u00e5 alla s\u00e4tt.\u00a0Att [&hellip;]<\/p>\n","protected":false},"author":1,"featured_media":0,"parent":0,"menu_order":0,"comment_status":"closed","ping_status":"closed","template":"","meta":{"_genesis_hide_title":false,"_genesis_hide_breadcrumbs":false,"_genesis_hide_singular_image":false,"_genesis_hide_footer_widgets":false,"_genesis_custom_body_class":"","_genesis_custom_post_class":"","_genesis_layout":"","footnotes":""},"class_list":{"0":"post-26","1":"page","2":"type-page","3":"status-publish","5":"entry"},"_links":{"self":[{"href":"https:\/\/brfnorrgardet.se\/index.php?rest_route=\/wp\/v2\/pages\/26","targetHints":{"allow":["GET"]}}],"collection":[{"href":"https:\/\/brfnorrgardet.se\/index.php?rest_route=\/wp\/v2\/pages"}],"about":[{"href":"https:\/\/brfnorrgardet.se\/index.php?rest_route=\/wp\/v2\/types\/page"}],"author":[{"embeddable":true,"href":"https:\/\/brfnorrgardet.se\/index.php?rest_route=\/wp\/v2\/users\/1"}],"replies":[{"embeddable":true,"href":"https:\/\/brfnorrgardet.se\/index.php?rest_route=%2Fwp%2Fv2%2Fcomments&post=26"}],"version-history":[{"count":12,"href":"https:\/\/brfnorrgardet.se\/index.php?rest_route=\/wp\/v2\/pages\/26\/revisions"}],"predecessor-version":[{"id":287,"href":"https:\/\/brfnorrgardet.se\/index.php?rest_route=\/wp\/v2\/pages\/26\/revisions\/287"}],"wp:attachment":[{"href":"https:\/\/brfnorrgardet.se\/index.php?rest_route=%2Fwp%2Fv2%2Fmedia&parent=26"}],"curies":[{"name":"wp","href":"https:\/\/api.w.org\/{rel}","templated":true}]}}