{"id":20,"date":"2021-03-16T09:00:26","date_gmt":"2021-03-16T09:00:26","guid":{"rendered":"http:\/\/brfnorrgardet.se\/?page_id=20"},"modified":"2025-11-29T22:34:06","modified_gmt":"2025-11-29T21:34:06","slug":"forsaljning","status":"publish","type":"page","link":"https:\/\/brfnorrgardet.se\/?page_id=20","title":{"rendered":"Fr\u00e5gor"},"content":{"rendered":"<p><strong>Vilken leverant\u00f6r av bredband\/fiber\/kabel-tv har vi?<\/strong><\/p>\n<p>Vi anv\u00e4nder Telia Tripple-Play baspaket (bredband\/tv\/telefoni) med m\u00f6jlighet att ut\u00f6ka utbudet via Telia. Avgiften \u00e4r f\u00f6r n\u00e4rvarande 244 kr\/m\u00e5nad och l\u00e4ggs p\u00e5 m\u00e5nadsavgiftens avi.<\/p>\n<p>&nbsp;<\/p>\n<p><strong>Vad ing\u00e5r i m\u00e5nadsavgiften?<\/strong><\/p>\n<p>I m\u00e5nadsavgiften ing\u00e5r bredband, nyrenoverad balkong samt f\u00f6rbrukning av vatten, v\u00e4rme och tillg\u00e5ng till tv\u00e4ttstuga och k\u00e4llarf\u00f6rr\u00e5d.<\/p>\n<p>&nbsp;<\/p>\n<p><strong>\u00c4r det n\u00e5gra planerade avgiftsh\u00f6jningar\/s\u00e4nkningar p\u00e5 g\u00e5ng inom n\u00e4rmsta tiden?<\/strong><\/p>\n<p>Tv\u00e5 avgiftsh\u00f6jningar har skett under 2025, ytterligare avgiftsh\u00f6jningar \u00e4r inte planerade att intr\u00e4ffa inom den n\u00e4rmsta tiden.<\/p>\n<p>&nbsp;<\/p>\n<p><strong>\u00c4r det n\u00e5gra renoveringar eller \u00e5tg\u00e4rder som planeras i framtiden?<\/strong><\/p>\n<p>Inte i nul\u00e4get.<\/p>\n<p>&nbsp;<\/p>\n<p><strong>Har ni genomf\u00f6rt n\u00e5gra stora renoveringar?<\/strong><\/p>\n<p>Vi har gjort ett stambyte, bytt till s\u00e4kerhetsd\u00f6rrar, bytt tv\u00e4ttmaskiner i tv\u00e4ttstuga, vi har bytt till automatisk belysning i trapphus samt gjort en balkongrenovering som inneb\u00e4r en st\u00f6rre och inglasad balkong. Vi har bytt samtliga f\u00f6nster i alla huskroppar. Vi har \u00e4ven bytt ut v\u00e5r undercentral samt installerat flertal laddstolpar f\u00f6r el\/laddhybridbilar.<\/p>\n<p>&nbsp;<\/p>\n<p><strong>Vad kostar de olika parkeringsplatserna?<\/strong><\/p>\n<p>Nuvarande priser:<\/p>\n<p>Parkeringsplats = 50 kr\/m\u00e5nad. Ca 1 m\u00e5nads k\u00f6tid.<\/p>\n<p>Parkeringsplats elstolpe f\u00f6r v\u00e4rme = 120 kr\/m\u00e5nad. Ca 1 m\u00e5nads k\u00f6tid.<\/p>\n<p>Garage = 200 kr\/m\u00e5nad. Endast ett garage per l\u00e4genhet. Ca 5-6 \u00e5rs k\u00f6tid.<\/p>\n<p>&nbsp;<\/p>\n<p>Nya priser fr\u00e5n och med 1\/1 2024:<\/p>\n<p>Parkeringsplats utan el = 100 kr\/m\u00e5nad<\/p>\n<p>Parkeringsplats med elstolpe f\u00f6r v\u00e4rme = 200 kr\/m\u00e5nad<\/p>\n<p>Garage = 300 kr\/m\u00e5nad<\/p>\n<p>&nbsp;<\/p>\n<p>Vi har \u00e4ven 14 st typer av parkeringar med laddning av bil varav 2st \u00e4r garageplatser:<\/p>\n<p>Parkering med el och laddning av bil = 500 kr<\/p>\n<p>Garage med laddning av bil = 600 kr<\/p>\n<p>&nbsp;<\/p>\n<p><em>Viktigt att kontakta styrelsen<\/em> i god tid innan inflyttning ang\u00e5ende parkeringsplats.<\/p>\n<p>&nbsp;<\/p>\n<p><strong>Till\u00e5ter ni delat \u00e4gande? Vad \u00e4r minsta % \u00e4gande?<\/strong><\/p>\n<p>Ja, vi till\u00e5ter delat \u00e4gande. 10% \u00e4gande \u00e4r minsta andel.<\/p>\n<p>&nbsp;<\/p>\n<p><strong>Tar ni ut en \u00f6verl\u00e5telseavgift i samband med en \u00f6verl\u00e5telse?<\/strong><\/p>\n<p>Ja f\u00f6r n\u00e4rvarande \u00e4r den 1190 kr och betalas av k\u00f6paren.<\/p>\n<p>&nbsp;<\/p>\n<p><strong>Var ska jag skicka min medlemskapsans\u00f6kan?<\/strong><\/p>\n<p>Skicka din ans\u00f6kan direkt till oss i styrelsen. Se adressen under fliken Kontakt.<\/p>\n<p>&nbsp;<\/p>\n<p><strong>F\u00f6rs\u00e4kring:\u00a0<\/strong>F\u00f6reningen \u00e4r f\u00f6rs\u00e4krad via Brandkontoret. Bostadsr\u00e4ttstill\u00e4gg ing\u00e5r ej. L\u00e4genhetsinnehavaren tecknar det sj\u00e4lv.<\/p>\n","protected":false},"excerpt":{"rendered":"<p>Vilken leverant\u00f6r av bredband\/fiber\/kabel-tv har vi? Vi anv\u00e4nder Telia Tripple-Play baspaket (bredband\/tv\/telefoni) med m\u00f6jlighet att ut\u00f6ka utbudet via Telia. Avgiften \u00e4r f\u00f6r n\u00e4rvarande 244 kr\/m\u00e5nad och l\u00e4ggs p\u00e5 m\u00e5nadsavgiftens avi. &nbsp; Vad ing\u00e5r i m\u00e5nadsavgiften? I m\u00e5nadsavgiften ing\u00e5r bredband, nyrenoverad balkong samt f\u00f6rbrukning av vatten, v\u00e4rme och tillg\u00e5ng till tv\u00e4ttstuga och k\u00e4llarf\u00f6rr\u00e5d. &nbsp; \u00c4r det [&hellip;]<\/p>\n","protected":false},"author":1,"featured_media":0,"parent":0,"menu_order":0,"comment_status":"closed","ping_status":"closed","template":"","meta":{"_genesis_hide_title":false,"_genesis_hide_breadcrumbs":false,"_genesis_hide_singular_image":false,"_genesis_hide_footer_widgets":false,"_genesis_custom_body_class":"","_genesis_custom_post_class":"","_genesis_layout":"","footnotes":""},"class_list":{"0":"post-20","1":"page","2":"type-page","3":"status-publish","5":"entry"},"_links":{"self":[{"href":"https:\/\/brfnorrgardet.se\/index.php?rest_route=\/wp\/v2\/pages\/20","targetHints":{"allow":["GET"]}}],"collection":[{"href":"https:\/\/brfnorrgardet.se\/index.php?rest_route=\/wp\/v2\/pages"}],"about":[{"href":"https:\/\/brfnorrgardet.se\/index.php?rest_route=\/wp\/v2\/types\/page"}],"author":[{"embeddable":true,"href":"https:\/\/brfnorrgardet.se\/index.php?rest_route=\/wp\/v2\/users\/1"}],"replies":[{"embeddable":true,"href":"https:\/\/brfnorrgardet.se\/index.php?rest_route=%2Fwp%2Fv2%2Fcomments&post=20"}],"version-history":[{"count":21,"href":"https:\/\/brfnorrgardet.se\/index.php?rest_route=\/wp\/v2\/pages\/20\/revisions"}],"predecessor-version":[{"id":322,"href":"https:\/\/brfnorrgardet.se\/index.php?rest_route=\/wp\/v2\/pages\/20\/revisions\/322"}],"wp:attachment":[{"href":"https:\/\/brfnorrgardet.se\/index.php?rest_route=%2Fwp%2Fv2%2Fmedia&parent=20"}],"curies":[{"name":"wp","href":"https:\/\/api.w.org\/{rel}","templated":true}]}}