{"id":18,"date":"2021-03-16T09:00:15","date_gmt":"2021-03-16T09:00:15","guid":{"rendered":"http:\/\/brfnorrgardet.se\/?page_id=18"},"modified":"2024-07-14T21:40:59","modified_gmt":"2024-07-14T19:40:59","slug":"inflyttning","status":"publish","type":"page","link":"https:\/\/brfnorrgardet.se\/?page_id=18","title":{"rendered":"Inflyttning"},"content":{"rendered":"<p><strong>Till dig som \u00e4r nyinflyttad:<\/strong><\/p>\n<p><span data-contrast=\"auto\">N\u00e4r du\/ni har flyttat in \u00e4r det viktigt att ni kvitterar <strong>nycklar<\/strong><\/span><span data-contrast=\"auto\"><strong>\u00a0<\/strong>till l\u00e4genheten med ordf\u00f6rande Bo Halvardsson.<\/span><span data-ccp-props=\"{}\">\u00a0<\/span><span data-contrast=\"auto\">Likas\u00e5 \u00e4r det Bo<\/span><span data-contrast=\"auto\">\u00a0<\/span><span data-contrast=\"auto\">Halvardsson som ansvarar f\u00f6r <strong>parkeringar<\/strong><\/span><span data-contrast=\"auto\">\u00a0och <strong>garage<\/strong>.\u00a0<\/span><span data-contrast=\"auto\">Kontakta ordf\u00f6rande\u00a0<\/span><span data-contrast=\"auto\">om du\/ni \u00f6nskar parkering.<\/span><\/p>\n<p><span data-contrast=\"auto\">F\u00f6r att du\/ni ska f\u00e5 tillg\u00e5ng till <strong>tv\u00e4ttstugan<\/strong><\/span><span data-contrast=\"auto\">, som ligger i 2C, beh\u00f6ver ni en kod f\u00f6r att kunna boka tv\u00e4ttid via den digitala plattan som sitter utanf\u00f6r tv\u00e4ttstugan eller via <strong>appen Boka tv\u00e4ttid<\/strong>. Kontakta sekreterare Dennis Eriksson f\u00f6r information.<\/span><\/p>\n<p><span data-contrast=\"auto\">N\u00e4r du\/ni flyttar in ska det finnas en<strong> router<\/strong>, en <strong>boxer<\/strong>\u00a0<\/span><span data-contrast=\"auto\">med fj\u00e4rrkontroll\u00a0<\/span><span data-contrast=\"auto\">samt en\u00a0<\/span><span data-contrast=\"auto\"><strong>s\u00e4ndare<\/strong> i l\u00e4genheten. Det\u00a0<\/span><span data-contrast=\"auto\">\u00e4r bara\u00a0<\/span><span data-contrast=\"auto\">att\u00a0<\/span><span data-contrast=\"auto\">koppla upp till tv:n med hj\u00e4lp av koderna <\/span><span data-contrast=\"auto\">fr\u00e5n\u00a0<\/span><span data-contrast=\"auto\">Telia.<\/span><\/p>\n<p>Du\/ni beh\u00f6ver kontakta ett elbolag f\u00f6r att f\u00e5 el i l\u00e4genheten. Det g\u00e5r <strong>inte<\/strong> automatiskt.<\/p>\n<p><span data-contrast=\"auto\">Tv\u00e5 g\u00e5nger per \u00e5r, h\u00f6st och v\u00e5r, sker <strong>grovsopsh\u00e4mtning<\/strong>. Tv\u00e5 containrar st\u00e4lls upp utanf\u00f6r\u00a0Tunv\u00e4gen\u00a06<\/span><span data-contrast=\"auto\">A-C.\u00a0<\/span><span data-contrast=\"auto\">Containrarna st\u00e5r kvar fr\u00e5n morgon till morgon vid ett best\u00e4mt datum som meddelas till medlemmarna<\/span><span data-contrast=\"auto\"> i god tid.<\/span><\/p>\n<p><span data-contrast=\"auto\"><strong>Sopbeh\u00e5llare<\/strong> finns vid infarten p\u00e5 parkeringen. Det finns<\/span><span data-contrast=\"auto\"> en beh\u00e5llare f\u00f6r matavfall och en beh\u00e5llare f\u00f6r br\u00e4nnbara sopor. <\/span><span data-contrast=\"auto\">F\u00f6r att kunna kasta sopor beh\u00f6ver du\/ni anv\u00e4nda l\u00e4genhets<\/span><span data-contrast=\"auto\">nyck<\/span><span data-contrast=\"auto\">eln<\/span><span data-contrast=\"auto\">\u00a0f\u00f6r att kunna \u00f6ppna beh\u00e5llarna.\u00a0<\/span><span data-ccp-props=\"{}\">\u00a0<\/span><\/p>\n<p>Det \u00e4r viktigt att du\/ni l\u00e4ser igenom <strong>trivselreglerna<\/strong> (finns under fliken Stadgar) som vi har i f\u00f6reningen och f\u00f6ljer dessa. Tyv\u00e4rr \u00e4r det lyh\u00f6rt i v\u00e5ra hus s\u00e5 det \u00e4r viktigt att alla visar h\u00e4nsyn till sina grannar.<\/p>\n<p>&nbsp;<\/p>\n<p><img loading=\"lazy\" decoding=\"async\" class=\"aligncenter wp-image-128 \" src=\"https:\/\/brfnorrgardet.se\/wp-content\/uploads\/2021\/02\/Redigerade-7-scaled.jpg\" alt=\"\" width=\"525\" height=\"350\" srcset=\"https:\/\/brfnorrgardet.se\/wp-content\/uploads\/2021\/02\/Redigerade-7-scaled.jpg 2560w, https:\/\/brfnorrgardet.se\/wp-content\/uploads\/2021\/02\/Redigerade-7-300x200.jpg 300w, https:\/\/brfnorrgardet.se\/wp-content\/uploads\/2021\/02\/Redigerade-7-1024x683.jpg 1024w, https:\/\/brfnorrgardet.se\/wp-content\/uploads\/2021\/02\/Redigerade-7-768x512.jpg 768w, https:\/\/brfnorrgardet.se\/wp-content\/uploads\/2021\/02\/Redigerade-7-1536x1024.jpg 1536w, https:\/\/brfnorrgardet.se\/wp-content\/uploads\/2021\/02\/Redigerade-7-2048x1365.jpg 2048w\" sizes=\"auto, (max-width: 525px) 100vw, 525px\" \/><\/p>\n","protected":false},"excerpt":{"rendered":"<p>Till dig som \u00e4r nyinflyttad: N\u00e4r du\/ni har flyttat in \u00e4r det viktigt att ni kvitterar nycklar\u00a0till l\u00e4genheten med ordf\u00f6rande Bo Halvardsson.\u00a0Likas\u00e5 \u00e4r det Bo\u00a0Halvardsson som ansvarar f\u00f6r parkeringar\u00a0och garage.\u00a0Kontakta ordf\u00f6rande\u00a0om du\/ni \u00f6nskar parkering. F\u00f6r att du\/ni ska f\u00e5 tillg\u00e5ng till tv\u00e4ttstugan, som ligger i 2C, beh\u00f6ver ni en kod f\u00f6r att kunna boka tv\u00e4ttid [&hellip;]<\/p>\n","protected":false},"author":1,"featured_media":0,"parent":0,"menu_order":0,"comment_status":"closed","ping_status":"closed","template":"","meta":{"_genesis_hide_title":false,"_genesis_hide_breadcrumbs":false,"_genesis_hide_singular_image":false,"_genesis_hide_footer_widgets":false,"_genesis_custom_body_class":"","_genesis_custom_post_class":"","_genesis_layout":"","footnotes":""},"class_list":{"0":"post-18","1":"page","2":"type-page","3":"status-publish","5":"entry"},"_links":{"self":[{"href":"https:\/\/brfnorrgardet.se\/index.php?rest_route=\/wp\/v2\/pages\/18","targetHints":{"allow":["GET"]}}],"collection":[{"href":"https:\/\/brfnorrgardet.se\/index.php?rest_route=\/wp\/v2\/pages"}],"about":[{"href":"https:\/\/brfnorrgardet.se\/index.php?rest_route=\/wp\/v2\/types\/page"}],"author":[{"embeddable":true,"href":"https:\/\/brfnorrgardet.se\/index.php?rest_route=\/wp\/v2\/users\/1"}],"replies":[{"embeddable":true,"href":"https:\/\/brfnorrgardet.se\/index.php?rest_route=%2Fwp%2Fv2%2Fcomments&post=18"}],"version-history":[{"count":15,"href":"https:\/\/brfnorrgardet.se\/index.php?rest_route=\/wp\/v2\/pages\/18\/revisions"}],"predecessor-version":[{"id":298,"href":"https:\/\/brfnorrgardet.se\/index.php?rest_route=\/wp\/v2\/pages\/18\/revisions\/298"}],"wp:attachment":[{"href":"https:\/\/brfnorrgardet.se\/index.php?rest_route=%2Fwp%2Fv2%2Fmedia&parent=18"}],"curies":[{"name":"wp","href":"https:\/\/api.w.org\/{rel}","templated":true}]}}