{"id":16,"date":"2021-03-16T09:00:59","date_gmt":"2021-03-16T09:00:59","guid":{"rendered":"http:\/\/brfnorrgardet.se\/?page_id=16"},"modified":"2024-06-02T22:07:29","modified_gmt":"2024-06-02T20:07:29","slug":"kontakt","status":"publish","type":"page","link":"https:\/\/brfnorrgardet.se\/?page_id=16","title":{"rendered":"Kontakt"},"content":{"rendered":"<p><strong>Styrelsen:<\/strong><\/p>\n<p>Ordf\u00f6rande: Bo Halvardsson &#8211; 070-570 58 27<\/p>\n<p>Vice ordf\u00f6rande: Magnus Larsson &#8211; 070-188 37 89<\/p>\n<p>Sekreterare: Dennis Eriksson &#8211; 070-288 29 80<\/p>\n<p>Suppleant: Niclas Zetterqvist &#8211; 070-990 51 51<\/p>\n<p>&nbsp;<\/p>\n<p><strong>E-postadress:<\/strong> styrelsen@brfnorrgardet.se<\/p>\n<p>&nbsp;<\/p>\n<p><strong>Fakturaadress:<\/strong><\/p>\n<p>Brf Norrg\u00e4rdet<\/p>\n<p>Fack 5584<\/p>\n<p>FE2260<\/p>\n<p>751 75 Uppsala<\/p>\n<p>E-postfaktura: efakt.7144002214@cogidocs.net<\/p>\n<p>&nbsp;<\/p>\n<p><strong>Adress direkt till styrelsen f\u00f6r exempelvis medlemsans\u00f6kan:<\/strong><\/p>\n<p>Brf Norrg\u00e4rdet<\/p>\n<p>Tunv\u00e4gen 2C<\/p>\n<p>761 62 Norrt\u00e4lje<\/p>\n<p>&nbsp;<\/p>\n<p><strong>Organisationsnummer:<\/strong> 714400-2214<\/p>\n<p>&nbsp;<\/p>\n<p><strong>Brf Norrg\u00e4rdet \u00e4ger och f\u00f6rvaltar fastigheten:<\/strong> Grind 2<\/p>\n","protected":false},"excerpt":{"rendered":"<p>Styrelsen: Ordf\u00f6rande: Bo Halvardsson &#8211; 070-570 58 27 Vice ordf\u00f6rande: Magnus Larsson &#8211; 070-188 37 89 Sekreterare: Dennis Eriksson &#8211; 070-288 29 80 Suppleant: Niclas Zetterqvist &#8211; 070-990 51 51 &nbsp; E-postadress: styrelsen@brfnorrgardet.se &nbsp; Fakturaadress: Brf Norrg\u00e4rdet Fack 5584 FE2260 751 75 Uppsala E-postfaktura: efakt.7144002214@cogidocs.net &nbsp; Adress direkt till styrelsen f\u00f6r exempelvis medlemsans\u00f6kan: Brf Norrg\u00e4rdet [&hellip;]<\/p>\n","protected":false},"author":1,"featured_media":0,"parent":0,"menu_order":0,"comment_status":"closed","ping_status":"closed","template":"","meta":{"_genesis_hide_title":false,"_genesis_hide_breadcrumbs":false,"_genesis_hide_singular_image":false,"_genesis_hide_footer_widgets":false,"_genesis_custom_body_class":"","_genesis_custom_post_class":"","_genesis_layout":"","footnotes":""},"class_list":{"0":"post-16","1":"page","2":"type-page","3":"status-publish","5":"entry"},"_links":{"self":[{"href":"https:\/\/brfnorrgardet.se\/index.php?rest_route=\/wp\/v2\/pages\/16","targetHints":{"allow":["GET"]}}],"collection":[{"href":"https:\/\/brfnorrgardet.se\/index.php?rest_route=\/wp\/v2\/pages"}],"about":[{"href":"https:\/\/brfnorrgardet.se\/index.php?rest_route=\/wp\/v2\/types\/page"}],"author":[{"embeddable":true,"href":"https:\/\/brfnorrgardet.se\/index.php?rest_route=\/wp\/v2\/users\/1"}],"replies":[{"embeddable":true,"href":"https:\/\/brfnorrgardet.se\/index.php?rest_route=%2Fwp%2Fv2%2Fcomments&post=16"}],"version-history":[{"count":12,"href":"https:\/\/brfnorrgardet.se\/index.php?rest_route=\/wp\/v2\/pages\/16\/revisions"}],"predecessor-version":[{"id":288,"href":"https:\/\/brfnorrgardet.se\/index.php?rest_route=\/wp\/v2\/pages\/16\/revisions\/288"}],"wp:attachment":[{"href":"https:\/\/brfnorrgardet.se\/index.php?rest_route=%2Fwp%2Fv2%2Fmedia&parent=16"}],"curies":[{"name":"wp","href":"https:\/\/api.w.org\/{rel}","templated":true}]}}