{"id":14,"date":"2021-03-16T09:00:52","date_gmt":"2021-03-16T09:00:52","guid":{"rendered":"http:\/\/brfnorrgardet.se\/?page_id=14"},"modified":"2021-03-16T08:07:47","modified_gmt":"2021-03-16T08:07:47","slug":"hem","status":"publish","type":"page","link":"https:\/\/brfnorrgardet.se\/","title":{"rendered":"Hem"},"content":{"rendered":"<p>Hej och v\u00e4lkommen till BRF Norrg\u00e4rdet!<\/p>\n<p>Brf Norrg\u00e4rdet \u00e4r en f\u00f6rening som byggdes mellan 1968-1970. Det finns 114 l\u00e4genheter f\u00f6rdelat p\u00e5 fyra huskroppar. Det \u00e4r blandat med enrumsl\u00e4genheter p\u00e5 bottenplan samt tv\u00e5rumsl\u00e4genheter, trerumsl\u00e4genheter och n\u00e5gra fyrarumsl\u00e4genheter.<\/p>\n<p>Vi ligger i ett attraktivt omr\u00e5de med n\u00e4rhet till skola och barnomsorg, lokaltrafik och matbutik. Det \u00e4r ca 15 minuters g\u00e5ngavst\u00e5nd fr\u00e5n Norrt\u00e4lje stad.<\/p>\n","protected":false},"excerpt":{"rendered":"<p>Hej och v\u00e4lkommen till BRF Norrg\u00e4rdet! Brf Norrg\u00e4rdet \u00e4r en f\u00f6rening som byggdes mellan 1968-1970. Det finns 114 l\u00e4genheter f\u00f6rdelat p\u00e5 fyra huskroppar. Det \u00e4r blandat med enrumsl\u00e4genheter p\u00e5 bottenplan samt tv\u00e5rumsl\u00e4genheter, trerumsl\u00e4genheter och n\u00e5gra fyrarumsl\u00e4genheter. Vi ligger i ett attraktivt omr\u00e5de med n\u00e4rhet till skola och barnomsorg, lokaltrafik och matbutik. Det \u00e4r ca 15 [&hellip;]<\/p>\n","protected":false},"author":1,"featured_media":0,"parent":0,"menu_order":0,"comment_status":"closed","ping_status":"closed","template":"page-templates\/metaslider.php","meta":{"_genesis_hide_title":false,"_genesis_hide_breadcrumbs":false,"_genesis_hide_singular_image":false,"_genesis_hide_footer_widgets":false,"_genesis_custom_body_class":"","_genesis_custom_post_class":"","_genesis_layout":"content-sidebar","footnotes":""},"class_list":{"0":"post-14","1":"page","2":"type-page","3":"status-publish","5":"entry"},"_links":{"self":[{"href":"https:\/\/brfnorrgardet.se\/index.php?rest_route=\/wp\/v2\/pages\/14","targetHints":{"allow":["GET"]}}],"collection":[{"href":"https:\/\/brfnorrgardet.se\/index.php?rest_route=\/wp\/v2\/pages"}],"about":[{"href":"https:\/\/brfnorrgardet.se\/index.php?rest_route=\/wp\/v2\/types\/page"}],"author":[{"embeddable":true,"href":"https:\/\/brfnorrgardet.se\/index.php?rest_route=\/wp\/v2\/users\/1"}],"replies":[{"embeddable":true,"href":"https:\/\/brfnorrgardet.se\/index.php?rest_route=%2Fwp%2Fv2%2Fcomments&post=14"}],"version-history":[{"count":7,"href":"https:\/\/brfnorrgardet.se\/index.php?rest_route=\/wp\/v2\/pages\/14\/revisions"}],"predecessor-version":[{"id":105,"href":"https:\/\/brfnorrgardet.se\/index.php?rest_route=\/wp\/v2\/pages\/14\/revisions\/105"}],"wp:attachment":[{"href":"https:\/\/brfnorrgardet.se\/index.php?rest_route=%2Fwp%2Fv2%2Fmedia&parent=14"}],"curies":[{"name":"wp","href":"https:\/\/api.w.org\/{rel}","templated":true}]}}